{"id":17076,"date":"2020-08-17T00:52:58","date_gmt":"2020-08-16T22:52:58","guid":{"rendered":"http:\/\/localschool.pl\/?page_id=17076"},"modified":"2021-08-18T18:17:27","modified_gmt":"2021-08-18T16:17:27","slug":"nasza-oferta","status":"publish","type":"page","link":"https:\/\/localschool.pl\/?page_id=17076","title":{"rendered":"NASZA OFERTA"},"content":{"rendered":"<div class=\"flex_column av_one_full first  \"><article class=\"iconbox iconbox_top main_color \"  itemscope=\"itemscope\" itemtype=\"https:\/\/schema.org\/CreativeWork\" >        <div class=\"iconbox_content\">        <header class=\"entry-content-header\">            <div class=\"iconbox_icon heading-color\" aria-hidden='true' data-av_icon='\ue8c9' data-av_iconfont='entypo-fontello'><\/div>            <h3 class='iconbox_content_title'  itemprop=\"headline\" >Nasze kursy<\/h3>        <\/header>        <div class='iconbox_content_container'  itemprop=\"text\" ><p>kursy grupowe 4-7 osobowe<\/p>\n<p>\u00a0<\/p>\n<p><div class=\"flex_column av_one_half   \"><\/div><article class=\"iconbox iconbox_top main_color \"  itemscope=\"itemscope\" itemtype=\"https:\/\/schema.org\/CreativeWork\" >        <div class=\"iconbox_content\">        <header class=\"entry-content-header\">            <div class=\"iconbox_icon heading-color\" aria-hidden='true' data-av_icon='\ue80a' data-av_iconfont='entypo-fontello'><\/div>            <h3 class='iconbox_content_title'  itemprop=\"headline\" >Kursy \"szyte na miar\u0119\"<\/h3>        <\/header>        <div class='iconbox_content_container'  itemprop=\"text\" >        <\/div>    <\/div>    <footer class=\"entry-footer\"><\/footer><\/article>zamkni\u0119te grupy 2-3 osobowe (dla rodziny, przyjaci\u00f3\u0142)<\/p>\n<p>zaj\u0119cia indywidualne<\/p>\n        <\/div>    <\/div>    <footer class=\"entry-footer\"><\/footer><\/article>\n<p><div class=\"flex_column av_one_full first  \"><\/div><article class=\"iconbox iconbox_top main_color \"  itemscope=\"itemscope\" itemtype=\"https:\/\/schema.org\/CreativeWork\" >        <div class=\"iconbox_content\">        <header class=\"entry-content-header\">            <div class=\"iconbox_icon heading-color\" aria-hidden='true' data-av_icon='\ue81f' data-av_iconfont='entypo-fontello'><\/div>            <h3 class='iconbox_content_title'  itemprop=\"headline\" >Co zyskujesz:<\/h3>        <\/header>        <div class='iconbox_content_container'  itemprop=\"text\" ><p style=\"font-style: inherit;\" align=\"LEFT\">\u00a0<\/p>\n<p style=\"font-style: inherit;\" align=\"LEFT\">Podr\u0119czniki w cenie kursu (dotyczy kurs\u00f3w grupowych)<\/p>\n<p style=\"font-style: inherit;\" align=\"LEFT\">Bezp\u0142atne weekendowe warsztaty okoliczno\u015bciowe<strong>\u00a0<\/strong><\/p>\n<p style=\"font-style: inherit;\" align=\"LEFT\">Interaktywne narz\u0119dzia edukacyjne<\/p>\n<p style=\"font-style: inherit;\" align=\"LEFT\">Efektywna nauka w kameralnych grupach 4-7 os\u00f3b maksymalnie<\/p>\n<p style=\"font-style: inherit;\" align=\"LEFT\">Doskona\u0142a atmosfera i ciekawe zaj\u0119cia<\/p>\n<p style=\"font-style: inherit;\" align=\"LEFT\">Dodatkowo: nasza\u00a0<strong>gie\u0142da zni\u017cek<\/strong> (a\u017c do <strong>150\u00a0z\u0142<\/strong>\u00a0<strong>rabatu!!!<\/strong>) &#8211; sprawd\u017a w zak\u0142adce CENNIK<\/p>\n        <\/div>    <\/div>    <footer class=\"entry-footer\"><\/footer><\/article><\/p>\n<\/div>\n<div  class='hr hr-default '><span class='hr-inner'><span class='hr-inner-style'><\/span><\/span><\/div>\n<div class=\"flex_column av_one_third first  \"><span class=\"av_font_icon avia_animate_when_visible av-icon-style-border  av-no-color avia-icon-pos-center \" style=\"\"><span class='av-icon-char' style='font-size:40px;line-height:40px;width:40px;' aria-hidden='true' data-av_icon='\ue808' data-av_iconfont='entypo-fontello' ><\/span><span class='av_icon_caption av-special-font'>Kursy dla dzieci<\/span><\/span>\n<\/div>\n<div class=\"flex_column av_one_third   \"><span class=\"av_font_icon avia_animate_when_visible av-icon-style-border  av-no-color avia-icon-pos-center \" style=\"\"><span class='av-icon-char' style='font-size:40px;line-height:40px;width:40px;' aria-hidden='true' data-av_icon='\ue8c9' data-av_iconfont='entypo-fontello' ><\/span><span class='av_icon_caption av-special-font'>Kursy dla m\u0142odzie\u017cy<\/span><\/span>\n<\/div>\n<div class=\"flex_column av_one_third   \"><span class=\"av_font_icon avia_animate_when_visible av-icon-style-border  av-no-color avia-icon-pos-center \" style=\"\"><span class='av-icon-char' style='font-size:40px;line-height:40px;width:40px;' aria-hidden='true' data-av_icon='\ue8bb' data-av_iconfont='entypo-fontello' ><\/span><span class='av_icon_caption av-special-font'>Kursy dla doros\u0142ych<\/span><\/span>\n<\/div>\n<div class=\"flex_column av_one_third first  \"><section class=\"av_textblock_section\"  itemscope=\"itemscope\" itemtype=\"https:\/\/schema.org\/CreativeWork\" ><div class='avia_textblock '  itemprop=\"text\" ><ul style=\"text-align: left;\">\n<li>Na naszym <strong>KURSIE REGULARNYM<\/strong>\u00a0w ciekawy i prosty spos\u00f3b wprowadzimy Twoje Dziecko w \u015bwiat j\u0119zyka angielskiego.<\/li>\n<li>Nasze kameralne grupy i przyjazne podej\u015bcie do ucznia otworz\u0105 nawet mniej \u015bmia\u0142e dzieci.<\/li>\n<li>Nowoczesne podr\u0119czniki, kt\u00f3re realizuj\u0105 rozszerzony program dla szk\u00f3\u0142 j\u0119zykowych pozwol\u0105 szybko zanurzy\u0107 si\u0119 w angielskim.<\/li>\n<li>Z nami Twoje Dziecko zagra w interaktywny quiz, za\u015bpiewa piosenk\u0119, zrobi projekt.<\/li>\n<li>Na bezp\u0142atnych warsztatach poznajemy elementy kultury kraj\u00f3w angloj\u0119zycznych i nawi\u0105zujemy nowe przyja\u017anie z uczniami z innych grup.<\/li>\n<li>Wykorzystujemy elementy metody <strong>CLIL<\/strong>\u00a0<a title=\"CLIL\" href=\"https:\/\/localschool.pl\/?p=16830\" target=\"_blank\" rel=\"noopener noreferrer\">(wi\u0119cej o metodzie czytaj tu)<\/a>, aby ju\u017c od najm\u0142odszych lat rozwija\u0107 umiej\u0119tno\u015bci komunikacyjne.<\/li>\n<\/ul>\n<\/div><\/section>\n<\/div>\n<div class=\"flex_column av_one_third   \"><section class=\"av_textblock_section\"  itemscope=\"itemscope\" itemtype=\"https:\/\/schema.org\/CreativeWork\" ><div class='avia_textblock '  itemprop=\"text\" ><ul>\n<li>Sprawnie przygotujemy Ci\u0119 do egzamin\u00f3w:\u00a0<strong>\u00d3SMOKLASISTY, MATURY, egzamin\u00f3w Cambridge (FCE, CAE)<\/strong><\/li>\n<li><span style=\"font-style: inherit;\">Nie zdajesz egzaminu? Przyjd\u017a na nasz <strong>KURS REGULARNY<\/strong> , rozwijaj swoje umiej\u0119tno\u015bci, poczuj si\u0119 obywatelem \u015bwiata.\u00a0<\/span>Czy wiesz, \u017ce prawie miliard os\u00f3b na \u015bwiecie m\u00f3wi po angielsku? B\u0105d\u017a jednym z nich!<\/li>\n<li>Na naszych zaj\u0119ciach:\u00a0 w mi\u0142ej i kameralnej atmosferze do\u015bwiadczysz kontaktu z \u017cywym j\u0119zykiem, porozmawiasz na interesuj\u0105ce tematy, wykorzystasz nowe technologie, poznasz ciekawe osoby.<\/li>\n<li>Zbli\u017caj\u0105cy si\u0119 sprawdzian to czarna magia? Wybierz <strong>KURS &#8220;SZYTY NA MIAR\u0118&#8221;<\/strong> &#8211; wyt\u0142umaczymy, prze\u0107wiczymy, powt\u00f3rzymy.<\/li>\n<\/ul>\n<\/div><\/section>\n<\/div>\n<div class=\"flex_column av_one_third   \"><section class=\"av_textblock_section\"  itemscope=\"itemscope\" itemtype=\"https:\/\/schema.org\/CreativeWork\" ><div class='avia_textblock '  itemprop=\"text\" ><ul>\n<li>Du\u017co rozumiesz, ale boisz si\u0119 m\u00f3wi\u0107? Nasze <strong>KURSY REGULARNE<\/strong>\u00a0oparte na metodzie komunikacyjnej pozwol\u0105 Ci prze\u0142ama\u0107 barier\u0119.<\/li>\n<li>Powr\u00f3t do j\u0119zyka po latach?\u00a0 Przypomnisz sobie gramatyk\u0119 i znowu zaczniesz m\u00f3wi\u0107 na kursie od\u015bwie\u017caj\u0105cym.<\/li>\n<li>Czeka Ci\u0119 wyjazd za granic\u0119? Pomo\u017cemy Ci poradzi\u0107 sobie w \u015bwiecie j\u0119zyka angielskiego.<\/li>\n<li>Przez tyle lat nie by\u0142o Ci po drodze z angielskim? Na nauk\u0119 nigdy nie jest za p\u00f3\u017ano! Czy wiesz, \u017ce nasz najstarszy kursant mia\u0142 79 lat?<\/li>\n<li>Nie masz czasu po pracy? Przyjedziemy do Twojej firmy. Wybierz jeden z naszych\u00a0<strong>KURS\u00d3W FIRMOWYCH<\/strong> \u2013 General\u00a0 lub Business English.<\/li>\n<li>Jeste\u015b zapracowany i cz\u0119sto wyje\u017cd\u017casz? <strong>KURSY &#8220;SZYTE NA MIAR\u0118&#8221;\u00a0<\/strong> pozwol\u0105 zindywidualizowa\u0107 ofert\u0119 i dopasowa\u0107 j\u0105 do Twoich potrzeb.<\/li>\n<\/ul>\n<\/div><\/section>\n<\/div>\n\n\n<figure class=\"wp-block-image size-large\"><img loading=\"lazy\" width=\"1400\" height=\"635\" src=\"https:\/\/localschool.pl\/wp-content\/uploads\/2014\/08\/ls3.jpg\" alt=\"\" class=\"wp-image-16818\" srcset=\"https:\/\/localschool.pl\/wp-content\/uploads\/2014\/08\/ls3.jpg 1400w, https:\/\/localschool.pl\/wp-content\/uploads\/2014\/08\/ls3-1100x498.jpg 1100w, https:\/\/localschool.pl\/wp-content\/uploads\/2014\/08\/ls3-705x319.jpg 705w, https:\/\/localschool.pl\/wp-content\/uploads\/2014\/08\/ls3-450x204.jpg 450w\" sizes=\"(max-width: 1400px) 100vw, 1400px\" \/><\/figure>\n","protected":false},"excerpt":{"rendered":"","protected":false},"author":1,"featured_media":0,"parent":0,"menu_order":0,"comment_status":"closed","ping_status":"closed","template":"","meta":[],"_links":{"self":[{"href":"https:\/\/localschool.pl\/index.php?rest_route=\/wp\/v2\/pages\/17076"}],"collection":[{"href":"https:\/\/localschool.pl\/index.php?rest_route=\/wp\/v2\/pages"}],"about":[{"href":"https:\/\/localschool.pl\/index.php?rest_route=\/wp\/v2\/types\/page"}],"author":[{"embeddable":true,"href":"https:\/\/localschool.pl\/index.php?rest_route=\/wp\/v2\/users\/1"}],"replies":[{"embeddable":true,"href":"https:\/\/localschool.pl\/index.php?rest_route=%2Fwp%2Fv2%2Fcomments&post=17076"}],"version-history":[{"count":5,"href":"https:\/\/localschool.pl\/index.php?rest_route=\/wp\/v2\/pages\/17076\/revisions"}],"predecessor-version":[{"id":17125,"href":"https:\/\/localschool.pl\/index.php?rest_route=\/wp\/v2\/pages\/17076\/revisions\/17125"}],"wp:attachment":[{"href":"https:\/\/localschool.pl\/index.php?rest_route=%2Fwp%2Fv2%2Fmedia&parent=17076"}],"curies":[{"name":"wp","href":"https:\/\/api.w.org\/{rel}","templated":true}]}}