{"id":16248,"date":"2020-08-15T03:30:00","date_gmt":"2020-08-15T01:30:00","guid":{"rendered":"http:\/\/localschool.pl\/?page_id=16248"},"modified":"2020-08-16T22:26:10","modified_gmt":"2020-08-16T20:26:10","slug":"nauczycielka","status":"publish","type":"page","link":"https:\/\/localschool.pl\/?page_id=16248","title":{"rendered":"LEKTORZY"},"content":{"rendered":"<div class=\"flex_column av_one_full first  \"><div style='padding-bottom:10px;' class='av-special-heading av-special-heading-h3   '><h3 class='av-special-heading-tag'  itemprop=\"headline\"  style='padding-bottom:10px;'>Local School<\/h3><div class='special-heading-border'><div class='special-heading-inner-border' ><\/div><\/div><\/div>\n<\/div>\n<div class=\"flex_column av_one_full first  \"><section class=\"av_textblock_section\"  itemscope=\"itemscope\" itemtype=\"https:\/\/schema.org\/CreativeWork\" ><div class='avia_textblock '  itemprop=\"text\" ><div  class='hr hr-default '><span class='hr-inner'><span class='hr-inner-style'><\/span><\/span><\/div>\n<p><strong>KASIA<\/strong><\/p>\n<p>Od 15 lat ucz\u0119 dzieci, m\u0142odzie\u017c i doros\u0142ych.<\/p>\n<p>By\u0142am g\u0142\u00f3wnym lektorem w przedszkolu pa\u0144stwowym (maj\u0105c pod opiek\u0105 ponad setk\u0119 maluch\u00f3w), nauczycielem i wychowawc\u0105 w szkole podstawowej i gimnazjum (posiadam stopie\u0144 nauczyciela kontraktowego), od wielu lat prowadz\u0119 grupy m\u0142odzie\u017cowe (przygotowuj\u0105c je do matury i egzamin\u00f3w),\u00a0 du\u017ca cz\u0119\u015b\u0107 moich uczni\u00f3w to osoby doros\u0142e (zaj\u0119cia firmowe i kursy General English). M\u00f3j najm\u0142odszy ucze\u0144 mia\u0142 3 lata, a najstarszy- 70:)<\/p>\n<p>Od 5\u00a0lat pracuj\u0119 na w\u0142asny rachunek, prowadz\u0105c <strong>Local School<\/strong>. Od wrze\u015bnia 2018 roku, otwieram w moim mie\u015bcie Piastowie stacjonarn\u0105 szko\u0142\u0119 j\u0119zyka angielskiego.<\/p>\n<p>Swoje zaj\u0119cia staram si\u0119 dopasowa\u0107 do poziomu, wieku i potrzeb moich uczni\u00f3w. Pracuj\u0119 metod\u0105 komunikacyjn\u0105, na kt\u00f3rej opiera si\u0119 wi\u0119kszo\u015b\u0107 podr\u0119cznik\u00f3w dost\u0119pnych obecnie na rynku. W miar\u0119 mo\u017cliwo\u015bci wi\u0119kszo\u015b\u0107 lekcji prowadz\u0119 w j\u0119zyku angielskim, k\u0142ad\u0105c nacisk na m\u00f3wienie oraz umiej\u0119tno\u015b\u0107 porozumiewania si\u0119 po angielsku. W przypadku kurs\u00f3w przygotowuj\u0105cych do egzamin\u00f3w i korepetycji wprowadzam tak\u017ce elementy metody tradycyjnej, z porz\u0105dn\u0105 dawk\u0105 powt\u00f3rek gramatycznych, maj\u0105cych na celu przygotowa\u0107 ucznia do klas\u00f3wek w szkole, czy cz\u0119\u015bci Use of English na egzaminie. Zapewniam ciekawe materia\u0142y dodatkowe, b\u0119d\u0105ce uzupe\u0142nieniem podr\u0119cznika. Nauk\u0119 z najm\u0142odszymi prowadz\u0119 w formie zabawy, zgodnie z za\u0142o\u017ceniami metody Total Physical Response i CLIL. Bliskie s\u0105 mi tak\u017ce pedagogika Montessori oraz system dialogu NVC.<\/p>\n<p>Jestem pasjonatk\u0105 uczenia si\u0119 j\u0119zyk\u00f3w obcych, od wrze\u015bnia planuj\u0119 kolejny- niemiecki:)<\/p>\n<p>Serdecznie zapraszam na moje zaj\u0119cia.<\/p>\n<p class=\"p1\"><span class=\"s1\"><b>EWA<\/b><\/span><\/p>\n<p class=\"p3\"><span class=\"s1\">Moja przygoda z profesjonalnym nauczaniem j\u0119zyka angielskiego zacz\u0119\u0142a si\u0119 16 lat temu.<\/span><\/p>\n<p class=\"p3\"><span class=\"s1\">By\u0142am nauczycielem angielskiego w szkole pa\u0144stwowej (posiadam tytu\u0142 nauczyciela kontraktowego), szybko jednak zrozumia\u0142am, \u017ce wol\u0119 skupia\u0107 si\u0119 na zawi\u0142o\u015bciach j\u0119zykowych ni\u017c na tworzeniu dokumentacji. Wyb\u00f3r pad\u0142 na prowadzenie zaj\u0119\u0107 w szkole j\u0119zykowej, gdzie uczy\u0142am dzieci, m\u0142odzie\u017c oraz doros\u0142ych. By\u0142am lektorem w du\u017cych zak\u0142adach browarniczych, ucz\u0105c j\u0119zyka og\u00f3lnego (General English), przygotowuj\u0105c swoich doros\u0142ych student\u00f3w do egzamin\u00f3w Cambridge, jak r\u00f3wnie\u017c ucz\u0105c specjalistycznego, bran\u017cowego angielskiego.<span class=\"Apple-converted-space\">\u00a0<\/span><\/span><\/p>\n<p class=\"p3\"><span class=\"s1\">Moja \u015bcie\u017cka zawodowa skr\u0119ci\u0142a na tory korporacyjne, gdzie pracowa\u0142am najpierw jako specjalista, potem leader zespo\u0142u a nast\u0119pnie manager w dziale dostaw i logistyki, w kilku mi\u0119dzynarodowych firmach. Business English sta\u0142 si\u0119 przez to narz\u0119dziem mojej codziennej pracy.<\/span><\/p>\n<p class=\"p3\"><span class=\"s1\">Jednak nowe wyzwania to element naszego rozwoju, dlatego postanowi\u0142am opu\u015bci\u0107 znane \u015brodowisko, by odda\u0107 si\u0119 pasji j\u0119zykowej i wsp\u00f3\u0142tworzeniu w\u0142asnej firmy \u2013 szko\u0142y j\u0119zykowej, w jakiej sama chcia\u0142abym si\u0119 uczy\u0107, przyjaznej uczniom i wydobywaj\u0105cej z nich ich umiej\u0119tno\u015bci i talenty. Jestem dumna z tego, \u017ce mog\u0119 bra\u0107 udzia\u0142 w budowaniu nowoczesnej szko\u0142y z pasj\u0105, gdzie uczymy wykorzystuj\u0105c<span class=\"Apple-converted-space\">\u00a0 <\/span>nowe technologie i narz\u0119dzia on-line, a dodatkowo od roku szkolnego 2018-2019 w nowej, wi\u0119kszej lokalizacji. Nieustannie wzbogacam swoje do\u015bwiadczenie pedagogiczne, uwa\u017cnie obserwuj\u0105c uczni\u00f3w podczas zaj\u0119\u0107 i dobieraj\u0105c materia\u0142y, w taki spos\u00f3b, aby odpowiada\u0142y one ich faktycznym potrzebom, jednocze\u015bnie wykorzystuj\u0105c naturalne predyspozycje<span class=\"Apple-converted-space\">\u00a0 <\/span>i zdolno\u015bci kt\u00f3re posiada ka\u017cdy z nas.<span class=\"Apple-converted-space\">\u00a0<\/span><\/span><\/p>\n<p class=\"p3\"><span class=\"s1\">Tak wi\u0119c, je\u017celi naprawd\u0119 chcesz si\u0119 nauczy\u0107 j\u0119zyka angielskiego \u2013 to z pewno\u015bci\u0105 to osi\u0105gniesz, niezale\u017cnie od tego czy masz lat 7, czy 70! Zrobi\u0119 wszystko, by Ci w tym pom\u00f3c. Spotkajmy si\u0119 na wsp\u00f3lnych zaj\u0119ciach \u2013 serdecznie zapraszam!<\/span><\/p>\n<\/div><\/section>\n<\/div>\n\n\n<figure class=\"wp-block-image size-large\"><img loading=\"lazy\" width=\"1400\" height=\"635\" src=\"https:\/\/localschool.pl\/wp-content\/uploads\/2014\/08\/ls3.jpg\" alt=\"\" class=\"wp-image-16818\" srcset=\"https:\/\/localschool.pl\/wp-content\/uploads\/2014\/08\/ls3.jpg 1400w, https:\/\/localschool.pl\/wp-content\/uploads\/2014\/08\/ls3-1100x498.jpg 1100w, https:\/\/localschool.pl\/wp-content\/uploads\/2014\/08\/ls3-705x319.jpg 705w, https:\/\/localschool.pl\/wp-content\/uploads\/2014\/08\/ls3-450x204.jpg 450w\" sizes=\"(max-width: 1400px) 100vw, 1400px\" \/><\/figure>\n","protected":false},"excerpt":{"rendered":"","protected":false},"author":1,"featured_media":0,"parent":0,"menu_order":2,"comment_status":"open","ping_status":"open","template":"","meta":[],"_links":{"self":[{"href":"https:\/\/localschool.pl\/index.php?rest_route=\/wp\/v2\/pages\/16248"}],"collection":[{"href":"https:\/\/localschool.pl\/index.php?rest_route=\/wp\/v2\/pages"}],"about":[{"href":"https:\/\/localschool.pl\/index.php?rest_route=\/wp\/v2\/types\/page"}],"author":[{"embeddable":true,"href":"https:\/\/localschool.pl\/index.php?rest_route=\/wp\/v2\/users\/1"}],"replies":[{"embeddable":true,"href":"https:\/\/localschool.pl\/index.php?rest_route=%2Fwp%2Fv2%2Fcomments&post=16248"}],"version-history":[{"count":33,"href":"https:\/\/localschool.pl\/index.php?rest_route=\/wp\/v2\/pages\/16248\/revisions"}],"predecessor-version":[{"id":17026,"href":"https:\/\/localschool.pl\/index.php?rest_route=\/wp\/v2\/pages\/16248\/revisions\/17026"}],"wp:attachment":[{"href":"https:\/\/localschool.pl\/index.php?rest_route=%2Fwp%2Fv2%2Fmedia&parent=16248"}],"curies":[{"name":"wp","href":"https:\/\/api.w.org\/{rel}","templated":true}]}}